{"id":1543,"date":"2024-06-19T07:27:15","date_gmt":"2024-06-19T07:27:15","guid":{"rendered":"https:\/\/cneasylife.com\/?page_id=1543"},"modified":"2024-07-26T14:05:52","modified_gmt":"2024-07-26T14:05:52","slug":"industry-news","status":"publish","type":"page","link":"https:\/\/cneasylife.com\/sv\/industry-news\/","title":{"rendered":"Nyheter fr\u00e5n branschen"},"content":{"rendered":"<div data-elementor-type=\"wp-page\" data-elementor-id=\"1543\" class=\"elementor elementor-1543\" data-elementor-post-type=\"page\">\n\t\t\t\t<div class=\"elementor-element elementor-element-83ccbda e-flex e-con-boxed e-con e-parent\" data-id=\"83ccbda\" data-element_type=\"container\" data-e-type=\"container\">\n\t\t\t\t\t<div class=\"e-con-inner\">\n\t\t\t\t<div class=\"elementor-element elementor-element-e14d14e elementor-widget elementor-widget-heading\" data-id=\"e14d14e\" data-element_type=\"widget\" data-e-type=\"widget\" data-widget_type=\"heading.default\">\n\t\t\t\t<div class=\"elementor-widget-container\">\n\t\t\t\t\t<h2 class=\"elementor-heading-title elementor-size-default\">Nyheter fr\u00e5n branschen<\/h2>\t\t\t\t<\/div>\n\t\t\t\t<\/div>\n\t\t\t\t<div class=\"elementor-element elementor-element-0f79d63 elementor-widget elementor-widget-ucaddon_post_list\" data-id=\"0f79d63\" data-element_type=\"widget\" data-e-type=\"widget\" data-widget_type=\"ucaddon_post_list.default\">\n\t\t\t\t<div class=\"elementor-widget-container\">\n\t\t\t\t\t\n<!-- start Post List -->\n\t\t<link id='font-awesome-css' href='https:\/\/cneasylife.com\/wp-content\/plugins\/unlimited-elements-for-elementor\/assets_libraries\/font-awesome6\/fontawesome-all.min.css' type='text\/css' rel='stylesheet' >\n\t\t<link id='font-awesome-4-shim-css' href='https:\/\/cneasylife.com\/wp-content\/plugins\/unlimited-elements-for-elementor\/assets_libraries\/font-awesome6\/fontawesome-v4-shims.min.css' type='text\/css' rel='stylesheet' >\n\n<style>\/* widget: Post List *\/\n\n\n\n#uc_post_list_elementor_0f79d63{\n  display:grid;\n}\n\n#uc_post_list_elementor_0f79d63 .uc_post_list_image div{\n  background-size:cover;\n  background-position:center;\n}\n\n.uc_post_list .uc_post_list_box{\n\tposition: relative;\n\toverflow: hidden;\n\tdisplay: flex;\n}\n\n#uc_post_list_elementor_0f79d63 .uc_post_list_image{\n  flex-grow:0;\n  flex-shrink:0;\n  overflow: hidden;\n}\n\n#uc_post_list_elementor_0f79d63 .uc_post_list_image img{\n  width:100%;\n  height:100%;\n  display:block;\n  transition:0.3s;  \n}\n\n.uc_post_list_title a{\n\tcolor: #333333;\n    display: block;\n}\n\n.uc_post_list_date{\n\tfont-size: 12px;\n}\n\n#uc_post_list_elementor_0f79d63 .uc_post_list_content{\n  display:flex;\n  flex-direction:column;\n  flex:1;\n}\n\n#uc_post_list_elementor_0f79d63 .uc_more_btn{\n  text-align:center;\n  text-decoration:none;\n  transition:0.3s;\n}\n\n#uc_post_list_elementor_0f79d63 .button-on-side{\n  display:flex;\n  align-items:center;\n}\n\n#uc_post_list_elementor_0f79d63 .ue-grid-item-category{\n  display: flex;\n  align-items: center;\n}\n\n.ue-grid-item-category a{\n  display:inline-block;\n  font-size:10px;\n  text-transform:uppercase;\n}\n\n#uc_post_list_elementor_0f79d63 .ue-meta-data{  \n  display:flex;\n  flex-wrap: wrap;\n  line-height:1em;\n}\n\n#uc_post_list_elementor_0f79d63 .ue-grid-item-meta-data{\n      display:inline-flex;\n      align-items:center;\n}\n\n.ue-grid-item-meta-data{\n  font-size:12px;\n}\n\n#uc_post_list_elementor_0f79d63 .ue-grid-item-meta-data-icon{\n  line-height:1em;\n}\n\n#uc_post_list_elementor_0f79d63 .ue-grid-item-meta-data-icon svg{\n  width:1em;\n  height:1em;\n} \n\n#uc_post_list_elementor_0f79d63 .ue-debug-meta{\n  padding:10px;\n  border:1px solid red;\n  position:relative;\n  line-height:1.5em;\n  font-size:11px;\n  width:100%;\n}\n\n.uc-remote-parent .uc_post_list_box{\n\tcursor:pointer;\n}\n\n#uc_post_list_elementor_0f79d63 .ue-post-link-overlay{\n  display:block;\n  position:absolute;\n  top:0;\n  bottom:0;\n  right:0;\n  left:0;\n}\n\n\n\n\n<\/style>\n\n<div class=\"uc_post_list uc-items-wrapper\" id=\"uc_post_list_elementor_0f79d63\"  >    \t\n  <div class=\"uc_post_list_box\" data-category=\"Industry News\">\n\n  \n  \t    <div class=\"uc_post_list_image\">\n      <a href=\"https:\/\/cneasylife.com\/sv\/insight-from-cbme-shanghai-2025-4-transformative-trends-reshaping-baby-skincare\/\" target=\"_blank\" title=\"Insight from CBME Shanghai 2025: 4 Transformative Trends Reshaping Baby Skincare\">\n          \n            <img loading=\"lazy\" decoding=\"async\" src=\"https:\/\/i0.wp.com\/cneasylife.com\/wp-content\/uploads\/2025\/07\/Insight-from-CBME-Shanghai-2025-1.png?fit=1108%2C738&amp;#038;ssl=1\"  alt=\"Insight from CBME Shanghai 2025\" width=\"1108\" height=\"738\">\n        \t\n        \n      <\/a>\n    <\/div>\n  \t\t\n  \n    <div class=\"uc_post_list_content\">\n      <div class=\"uc_post_list_content_inside\">\n        \n                       \n        <div class=\"uc_post_list_title\"><a target=\"_blank\" href=\"https:\/\/cneasylife.com\/sv\/insight-from-cbme-shanghai-2025-4-transformative-trends-reshaping-baby-skincare\/\" title=\"Insight from CBME Shanghai 2025: 4 Transformative Trends Reshaping Baby Skincare\">Insight from CBME Shanghai 2025: 4 Transformative Trends Reshaping Baby Skincare<\/a><\/div>                 \n        <div class=\"ue-meta-data\">\n            <div class=\"ue-grid-item-meta-data\"><span class=\"ue-grid-item-meta-data-icon\"><i class='fas fa-calendar-week'><\/i><\/span>  juli 18, 2025<\/div>                                   \n            \n          \n                        \n            \n                        \n                        \n            \n              \n          <\/div>         \n                \n         <div class=\"uc_post_content\">Fresh from exhibiting at CBME Shanghai 2025 from July 16th&nbsp;to July 18th\u2013 Asia\u2019s premier maternal-infant trade show \u2013 Shanghai Easylife International...<\/div>           \n        \n                 \n      <\/div>\n    <\/div>\n     \n       \n  \n   <\/div>\n<div class=\"uc_post_list_box\" data-category=\"Industry News\">\n\n  \n  \t    <div class=\"uc_post_list_image\">\n      <a href=\"https:\/\/cneasylife.com\/sv\/plf-asia-2023-after-fair-thoughts-what-is-the-future-of-private-label-business-model-for-sme-brand-owners\/\" target=\"_blank\" title=\"Tankar efter m\u00e4ssan PLF Asia 2023: Hur ser framtiden ut f\u00f6r aff\u00e4rsmodellen private label f\u00f6r varum\u00e4rkes\u00e4gare i sm\u00e5 och medelstora f\u00f6retag?\">\n          \n            <img loading=\"lazy\" decoding=\"async\" src=\"https:\/\/i0.wp.com\/cneasylife.com\/wp-content\/uploads\/2024\/05\/news-4-11.jpg?fit=960%2C639&amp;#038;ssl=1\"  alt=\"news (4-1)1\" width=\"960\" height=\"639\">\n        \t\n        \n      <\/a>\n    <\/div>\n  \t\t\n  \n    <div class=\"uc_post_list_content\">\n      <div class=\"uc_post_list_content_inside\">\n        \n                       \n        <div class=\"uc_post_list_title\"><a target=\"_blank\" href=\"https:\/\/cneasylife.com\/sv\/plf-asia-2023-after-fair-thoughts-what-is-the-future-of-private-label-business-model-for-sme-brand-owners\/\" title=\"Tankar efter m\u00e4ssan PLF Asia 2023: Hur ser framtiden ut f\u00f6r aff\u00e4rsmodellen private label f\u00f6r varum\u00e4rkes\u00e4gare i sm\u00e5 och medelstora f\u00f6retag?\">Tankar efter m\u00e4ssan PLF Asia 2023: Hur ser framtiden ut f\u00f6r aff\u00e4rsmodellen private label f\u00f6r varum\u00e4rkes\u00e4gare i sm\u00e5 och medelstora f\u00f6retag?<\/a><\/div>                 \n        <div class=\"ue-meta-data\">\n            <div class=\"ue-grid-item-meta-data\"><span class=\"ue-grid-item-meta-data-icon\"><i class='fas fa-calendar-week'><\/i><\/span>  2 december 2023<\/div>                                   \n            \n          \n                        \n            \n                        \n                        \n            \n              \n          <\/div>         \n                \n         <div class=\"uc_post_content\">Efter 3 \u00e5rs covid-f\u00f6rsening h\u00f6lls den 16: e Private Label Fair Asia (#PLF) p\u00e5 Shanghai New International Expo Center (#SNIEC) fr\u00e5n 29 november 2023...<\/div>           \n        \n                 \n      <\/div>\n    <\/div>\n     \n       \n  \n   <\/div>\n<div class=\"uc_post_list_box\" data-category=\"Industry News\">\n\n  \n  \t    <div class=\"uc_post_list_image\">\n      <a href=\"https:\/\/cneasylife.com\/sv\/easylife-shines-at-the-6th-china-international-import-expo-highlighting-its-range-of-personal-care-hygiene-and-adult-functional-repair-products\/\" target=\"_blank\" title=\"Easylife utm\u00e4rker sig p\u00e5 6th China International Import Expo med sitt utbud av produkter f\u00f6r personlig v\u00e5rd, hygien och funktionell reparation f\u00f6r vuxna\">\n          \n            <img loading=\"lazy\" decoding=\"async\" src=\"https:\/\/i0.wp.com\/cneasylife.com\/wp-content\/uploads\/2024\/05\/news-22.png?fit=960%2C720&amp;#038;ssl=1\"  alt=\"news (22)\" width=\"960\" height=\"720\">\n        \t\n        \n      <\/a>\n    <\/div>\n  \t\t\n  \n    <div class=\"uc_post_list_content\">\n      <div class=\"uc_post_list_content_inside\">\n        \n                       \n        <div class=\"uc_post_list_title\"><a target=\"_blank\" href=\"https:\/\/cneasylife.com\/sv\/easylife-shines-at-the-6th-china-international-import-expo-highlighting-its-range-of-personal-care-hygiene-and-adult-functional-repair-products\/\" title=\"Easylife utm\u00e4rker sig p\u00e5 6th China International Import Expo med sitt utbud av produkter f\u00f6r personlig v\u00e5rd, hygien och funktionell reparation f\u00f6r vuxna\">Easylife utm\u00e4rker sig p\u00e5 6th China International Import Expo med sitt utbud av produkter f\u00f6r personlig v\u00e5rd, hygien och funktionell reparation f\u00f6r vuxna<\/a><\/div>                 \n        <div class=\"ue-meta-data\">\n            <div class=\"ue-grid-item-meta-data\"><span class=\"ue-grid-item-meta-data-icon\"><i class='fas fa-calendar-week'><\/i><\/span>  10 november 2023<\/div>                                   \n            \n          \n                        \n            \n                        \n                        \n            \n              \n          <\/div>         \n                \n         <div class=\"uc_post_content\">Shanghai Easylife International Group Co, Ltd, ett ledande f\u00f6retag som specialiserat sig p\u00e5 personlig v\u00e5rd, hygien, hudv\u00e5rd och sk\u00f6nhet och funktionell reparation av vuxna ...<\/div>           \n        \n                 \n      <\/div>\n    <\/div>\n     \n       \n  \n   <\/div>\n\n<\/div>\n\n\n  <div id=\"uc_post_list_elementor_0f79d63_empty_message\" class=\"ue-no-posts-found\"  style=\"display:none\" >Inga inl\u00e4gg hittades<\/div>\n\n\n<!-- end Post List -->\t\t\t\t<\/div>\n\t\t\t\t<\/div>\n\t\t\t\t\t<\/div>\n\t\t\t\t<\/div>\n\t\t<div class=\"elementor-element elementor-element-1fb8f0d1 e-flex e-con-boxed e-con e-parent\" data-id=\"1fb8f0d1\" data-element_type=\"container\" data-e-type=\"container\">\n\t\t\t\t\t<div class=\"e-con-inner\">\n\t\t\t\t<div class=\"elementor-element elementor-element-362f4c8b elementor-widget elementor-widget-spacer\" data-id=\"362f4c8b\" data-element_type=\"widget\" data-e-type=\"widget\" data-widget_type=\"spacer.default\">\n\t\t\t\t<div class=\"elementor-widget-container\">\n\t\t\t\t\t\t\t<div class=\"elementor-spacer\">\n\t\t\t<div class=\"elementor-spacer-inner\"><\/div>\n\t\t<\/div>\n\t\t\t\t\t\t<\/div>\n\t\t\t\t<\/div>\n\t\t\t\t<div class=\"elementor-element elementor-element-2eabfd55 eael-dual-header-content-align-center elementor-widget elementor-widget-eael-dual-color-header\" data-id=\"2eabfd55\" data-element_type=\"widget\" data-e-type=\"widget\" data-widget_type=\"eael-dual-color-header.default\">\n\t\t\t\t<div class=\"elementor-widget-container\">\n\t\t\t\t\t\t\t\t<div class=\"eael-dual-header\">\n\t\t\t\t<h2 class=\"title eael-dch-title\"><span class=\"eael-dch-title-text eael-dch-title-lead lead solid-color\">V\u00e5r <\/span> <span class=\"eael-dch-title-text\">L\u00f6ften<\/span><\/h2>\t\t\t\t\t<span class=\"eael-dch-svg-icon\"><\/span>\t\t\t\t\t\t\t<\/div>\n\n\t\t\t\t\t\t<\/div>\n\t\t\t\t<\/div>\n\t\t\t\t<div class=\"elementor-element elementor-element-79c48f29 elementor-widget elementor-widget-text-editor\" data-id=\"79c48f29\" data-element_type=\"widget\" data-e-type=\"widget\" data-widget_type=\"text-editor.default\">\n\t\t\t\t<div class=\"elementor-widget-container\">\n\t\t\t\t\t\t\t\t\t<p>Alla v\u00e5ra produkter \u00e4r 100% cruelty-free, vilket inneb\u00e4r att de aldrig testats p\u00e5 djur.<br \/><span style=\"font-size: 16px;\">Alla v\u00e5ra produkters kvalitet \u00e4r i enlighet med internationella standarder FDA, GMPC, ISO9001, CE, REACH.<\/span><\/p>\t\t\t\t\t\t\t\t<\/div>\n\t\t\t\t<\/div>\n\t\t\t\t<div class=\"elementor-element elementor-element-6f037b1e elementor-arrows-position-inside elementor-widget elementor-widget-image-carousel\" data-id=\"6f037b1e\" data-element_type=\"widget\" data-e-type=\"widget\" data-settings=\"{&quot;slides_to_show&quot;:&quot;6&quot;,&quot;navigation&quot;:&quot;arrows&quot;,&quot;slides_to_show_tablet&quot;:&quot;5&quot;,&quot;slides_to_show_mobile&quot;:&quot;3&quot;,&quot;autoplay&quot;:&quot;yes&quot;,&quot;pause_on_hover&quot;:&quot;yes&quot;,&quot;pause_on_interaction&quot;:&quot;yes&quot;,&quot;autoplay_speed&quot;:5000,&quot;infinite&quot;:&quot;yes&quot;,&quot;speed&quot;:500}\" data-widget_type=\"image-carousel.default\">\n\t\t\t\t<div class=\"elementor-widget-container\">\n\t\t\t\t\t\t\t<div class=\"elementor-image-carousel-wrapper swiper\" role=\"region\" aria-roledescription=\"carousel\" aria-label=\"Bild Karussell\" dir=\"ltr\">\n\t\t\t<div class=\"elementor-image-carousel swiper-wrapper\" aria-live=\"off\">\n\t\t\t\t\t\t\t\t<div class=\"swiper-slide\" role=\"group\" aria-roledescription=\"slide\" aria-label=\"1 von 12\" data-no-translation-aria-label=\"\"><figure class=\"swiper-slide-inner\"><img decoding=\"async\" class=\"swiper-slide-image\" src=\"https:\/\/i0.wp.com\/cneasylife.com\/wp-content\/uploads\/2024\/06\/1.-Cruelty-Free.jpg?fit=300%2C300&amp;ssl=1\" alt=\"1.-Cruelty-Free\" \/><\/figure><\/div><div class=\"swiper-slide\" role=\"group\" aria-roledescription=\"slide\" aria-label=\"2 von 12\" data-no-translation-aria-label=\"\"><figure class=\"swiper-slide-inner\"><img decoding=\"async\" class=\"swiper-slide-image\" src=\"https:\/\/i0.wp.com\/cneasylife.com\/wp-content\/uploads\/2024\/06\/2.-Paraben-Free.jpg?fit=300%2C300&amp;ssl=1\" alt=\"2.-Paraben-Free\" \/><\/figure><\/div><div class=\"swiper-slide\" role=\"group\" aria-roledescription=\"slide\" aria-label=\"3 von 12\" data-no-translation-aria-label=\"\"><figure class=\"swiper-slide-inner\"><img decoding=\"async\" class=\"swiper-slide-image\" src=\"https:\/\/i0.wp.com\/cneasylife.com\/wp-content\/uploads\/2024\/06\/3.-No-harmful-Pesticides.jpg?fit=300%2C300&amp;ssl=1\" alt=\"3.-No-harmful-Pesticides\" \/><\/figure><\/div><div class=\"swiper-slide\" role=\"group\" aria-roledescription=\"slide\" aria-label=\"4 von 12\" data-no-translation-aria-label=\"\"><figure class=\"swiper-slide-inner\"><img decoding=\"async\" class=\"swiper-slide-image\" src=\"https:\/\/i0.wp.com\/cneasylife.com\/wp-content\/uploads\/2024\/06\/4.-100-Natural-Ingrdients.jpg?fit=300%2C300&amp;ssl=1\" alt=\"4.-100%-Natural-Ingrdients\" \/><\/figure><\/div><div class=\"swiper-slide\" role=\"group\" aria-roledescription=\"slide\" aria-label=\"5 von 12\" data-no-translation-aria-label=\"\"><figure class=\"swiper-slide-inner\"><img decoding=\"async\" class=\"swiper-slide-image\" src=\"https:\/\/i0.wp.com\/cneasylife.com\/wp-content\/uploads\/2024\/06\/5.-For-All-Skin-Types.jpg?fit=300%2C300&amp;ssl=1\" alt=\"5.-For-All-Skin-Types\" \/><\/figure><\/div><div class=\"swiper-slide\" role=\"group\" aria-roledescription=\"slide\" aria-label=\"6 von 12\" data-no-translation-aria-label=\"\"><figure class=\"swiper-slide-inner\"><img decoding=\"async\" class=\"swiper-slide-image\" src=\"https:\/\/i0.wp.com\/cneasylife.com\/wp-content\/uploads\/2024\/06\/6.-Biodegrabable-Packaging.jpg?fit=300%2C300&amp;ssl=1\" alt=\"6.-Biodegrabable-Packaging\" \/><\/figure><\/div><div class=\"swiper-slide\" role=\"group\" aria-roledescription=\"slide\" aria-label=\"7 von 12\" data-no-translation-aria-label=\"\"><figure class=\"swiper-slide-inner\"><img decoding=\"async\" class=\"swiper-slide-image\" src=\"https:\/\/i0.wp.com\/cneasylife.com\/wp-content\/uploads\/2024\/06\/7.-FDA.jpg?fit=300%2C300&amp;ssl=1\" alt=\"7.-FDA\" \/><\/figure><\/div><div class=\"swiper-slide\" role=\"group\" aria-roledescription=\"slide\" aria-label=\"8 von 12\" data-no-translation-aria-label=\"\"><figure class=\"swiper-slide-inner\"><img decoding=\"async\" class=\"swiper-slide-image\" src=\"https:\/\/i0.wp.com\/cneasylife.com\/wp-content\/uploads\/2024\/06\/8.-GMPC.jpg?fit=300%2C300&amp;ssl=1\" alt=\"8.-GMPC\" \/><\/figure><\/div><div class=\"swiper-slide\" role=\"group\" aria-roledescription=\"slide\" aria-label=\"9 von 12\" data-no-translation-aria-label=\"\"><figure class=\"swiper-slide-inner\"><img decoding=\"async\" class=\"swiper-slide-image\" src=\"https:\/\/i0.wp.com\/cneasylife.com\/wp-content\/uploads\/2024\/06\/9.-ISO9001.jpg?fit=300%2C300&amp;ssl=1\" alt=\"9.-ISO9001\" \/><\/figure><\/div><div class=\"swiper-slide\" role=\"group\" aria-roledescription=\"slide\" aria-label=\"10 von 12\" data-no-translation-aria-label=\"\"><figure class=\"swiper-slide-inner\"><img decoding=\"async\" class=\"swiper-slide-image\" src=\"https:\/\/i0.wp.com\/cneasylife.com\/wp-content\/uploads\/2024\/06\/10.-FSC.jpg?fit=300%2C300&amp;ssl=1\" alt=\"10.-FSC\" \/><\/figure><\/div><div class=\"swiper-slide\" role=\"group\" aria-roledescription=\"slide\" aria-label=\"11 von 12\" data-no-translation-aria-label=\"\"><figure class=\"swiper-slide-inner\"><img decoding=\"async\" class=\"swiper-slide-image\" src=\"https:\/\/i0.wp.com\/cneasylife.com\/wp-content\/uploads\/2024\/06\/11.-Sedex.jpg?fit=300%2C300&amp;ssl=1\" alt=\"11.-Sedex\" \/><\/figure><\/div><div class=\"swiper-slide\" role=\"group\" aria-roledescription=\"slide\" aria-label=\"12 von 12\" data-no-translation-aria-label=\"\"><figure class=\"swiper-slide-inner\"><img decoding=\"async\" class=\"swiper-slide-image\" src=\"https:\/\/i0.wp.com\/cneasylife.com\/wp-content\/uploads\/2024\/06\/12.-CE.jpg?fit=300%2C300&amp;ssl=1\" alt=\"12.-CE\" \/><\/figure><\/div>\t\t\t<\/div>\n\t\t\t\t\t\t\t\t\t\t\t\t<div class=\"elementor-swiper-button elementor-swiper-button-prev\" role=\"button\" tabindex=\"0\">\n\t\t\t\t\t\t<svg aria-hidden=\"true\" class=\"e-font-icon-svg e-eicon-chevron-left\" viewbox=\"0 0 1000 1000\" xmlns=\"http:\/\/www.w3.org\/2000\/svg\"><path d=\"M646 125C629 125 613 133 604 142L308 442C296 454 292 471 292 487 292 504 296 521 308 533L604 854C617 867 629 875 646 875 663 875 679 871 692 858 704 846 713 829 713 812 713 796 708 779 692 767L438 487 692 225C700 217 708 204 708 187 708 171 704 154 692 142 675 129 663 125 646 125Z\"><\/path><\/svg>\t\t\t\t\t<\/div>\n\t\t\t\t\t<div class=\"elementor-swiper-button elementor-swiper-button-next\" role=\"button\" tabindex=\"0\">\n\t\t\t\t\t\t<svg aria-hidden=\"true\" class=\"e-font-icon-svg e-eicon-chevron-right\" viewbox=\"0 0 1000 1000\" xmlns=\"http:\/\/www.w3.org\/2000\/svg\"><path d=\"M696 533C708 521 713 504 713 487 713 471 708 454 696 446L400 146C388 133 375 125 354 125 338 125 325 129 313 142 300 154 292 171 292 187 292 204 296 221 308 233L563 492 304 771C292 783 288 800 288 817 288 833 296 850 308 863 321 871 338 875 354 875 371 875 388 867 400 854L696 533Z\"><\/path><\/svg>\t\t\t\t\t<\/div>\n\t\t\t\t\n\t\t\t\t\t\t\t\t\t<\/div>\n\t\t\t\t\t\t<\/div>\n\t\t\t\t<\/div>\n\t\t\t\t\t<\/div>\n\t\t\t\t<\/div>\n\t\t\t\t<\/div>","protected":false},"excerpt":{"rendered":"<p>Industry News PLF Asia 2023 after-fair thoughts: What is the future of private label business model for SME brand owners ? 12 \u6708 2, 2023 After 3 years of covid delay, The 16th Private Label Fair Asia (#PLF) was held at Shanghai New International Expo Center (#SNIEC) from 29th November 2023&#8230; Easylife Shines at the [&hellip;]<\/p>\n","protected":false},"author":1,"featured_media":0,"parent":0,"menu_order":0,"comment_status":"closed","ping_status":"closed","template":"","meta":{"om_disable_all_campaigns":false,"_uag_custom_page_level_css":"","site-sidebar-layout":"no-sidebar","site-content-layout":"","ast-site-content-layout":"full-width-container","site-content-style":"default","site-sidebar-style":"default","ast-global-header-display":"","ast-banner-title-visibility":"","ast-main-header-display":"","ast-hfb-above-header-display":"","ast-hfb-below-header-display":"","ast-hfb-mobile-header-display":"","site-post-title":"disabled","ast-breadcrumbs-content":"","ast-featured-img":"disabled","footer-sml-layout":"","ast-disable-related-posts":"","theme-transparent-header-meta":"","adv-header-id-meta":"","stick-header-meta":"","header-above-stick-meta":"","header-main-stick-meta":"","header-below-stick-meta":"","astra-migrate-meta-layouts":"default","ast-page-background-enabled":"default","ast-page-background-meta":{"desktop":{"background-color":"var(--ast-global-color-4)","background-image":"","background-repeat":"repeat","background-position":"center center","background-size":"auto","background-attachment":"scroll","background-type":"","background-media":"","overlay-type":"","overlay-color":"","overlay-opacity":"","overlay-gradient":""},"tablet":{"background-color":"","background-image":"","background-repeat":"repeat","background-position":"center center","background-size":"auto","background-attachment":"scroll","background-type":"","background-media":"","overlay-type":"","overlay-color":"","overlay-opacity":"","overlay-gradient":""},"mobile":{"background-color":"","background-image":"","background-repeat":"repeat","background-position":"center center","background-size":"auto","background-attachment":"scroll","background-type":"","background-media":"","overlay-type":"","overlay-color":"","overlay-opacity":"","overlay-gradient":""}},"ast-content-background-meta":{"desktop":{"background-color":"var(--ast-global-color-5)","background-image":"","background-repeat":"repeat","background-position":"center center","background-size":"auto","background-attachment":"scroll","background-type":"","background-media":"","overlay-type":"","overlay-color":"","overlay-opacity":"","overlay-gradient":""},"tablet":{"background-color":"var(--ast-global-color-5)","background-image":"","background-repeat":"repeat","background-position":"center center","background-size":"auto","background-attachment":"scroll","background-type":"","background-media":"","overlay-type":"","overlay-color":"","overlay-opacity":"","overlay-gradient":""},"mobile":{"background-color":"var(--ast-global-color-5)","background-image":"","background-repeat":"repeat","background-position":"center center","background-size":"auto","background-attachment":"scroll","background-type":"","background-media":"","overlay-type":"","overlay-color":"","overlay-opacity":"","overlay-gradient":""}},"footnotes":""},"class_list":["post-1543","page","type-page","status-publish","hentry"],"uagb_featured_image_src":{"full":false,"thumbnail":false,"medium":false,"medium_large":false,"large":false,"1536x1536":false,"2048x2048":false,"trp-custom-language-flag":false,"woocommerce_thumbnail":false,"woocommerce_single":false,"woocommerce_gallery_thumbnail":false},"uagb_author_info":{"display_name":"admin","author_link":"https:\/\/cneasylife.com\/sv\/author\/admin\/"},"uagb_comment_info":0,"uagb_excerpt":"Industry News PLF Asia 2023 after-fair thoughts: What is the future of private label business model for SME brand owners ? 12 \u6708 2, 2023 After 3 years of covid delay, The 16th Private Label Fair Asia (#PLF) was held at Shanghai New International Expo Center (#SNIEC) from 29th November 2023&#8230; Easylife Shines at the&hellip;","jetpack_sharing_enabled":true,"_links":{"self":[{"href":"https:\/\/cneasylife.com\/sv\/wp-json\/wp\/v2\/pages\/1543","targetHints":{"allow":["GET"]}}],"collection":[{"href":"https:\/\/cneasylife.com\/sv\/wp-json\/wp\/v2\/pages"}],"about":[{"href":"https:\/\/cneasylife.com\/sv\/wp-json\/wp\/v2\/types\/page"}],"author":[{"embeddable":true,"href":"https:\/\/cneasylife.com\/sv\/wp-json\/wp\/v2\/users\/1"}],"replies":[{"embeddable":true,"href":"https:\/\/cneasylife.com\/sv\/wp-json\/wp\/v2\/comments?post=1543"}],"version-history":[{"count":22,"href":"https:\/\/cneasylife.com\/sv\/wp-json\/wp\/v2\/pages\/1543\/revisions"}],"predecessor-version":[{"id":2480,"href":"https:\/\/cneasylife.com\/sv\/wp-json\/wp\/v2\/pages\/1543\/revisions\/2480"}],"wp:attachment":[{"href":"https:\/\/cneasylife.com\/sv\/wp-json\/wp\/v2\/media?parent=1543"}],"curies":[{"name":"wp","href":"https:\/\/api.w.org\/{rel}","templated":true}]}}