{"id":2410,"date":"2024-07-19T06:49:42","date_gmt":"2024-07-19T06:49:42","guid":{"rendered":"https:\/\/cneasylife.com\/?post_type=product&#038;p=2410"},"modified":"2024-07-19T06:52:15","modified_gmt":"2024-07-19T06:52:15","slug":"luvnuwa-delay-wipes","status":"publish","type":"product","link":"https:\/\/cneasylife.com\/fr\/produit\/luvnuwa-delay-wipes\/","title":{"rendered":"Lingettes LuvNuwa Delay"},"content":{"rendered":"","protected":false},"excerpt":{"rendered":"<p>-Nom du produit : LuvNuwa Delay Wipes for Men Preventing Premature Ejaculation (lingettes retardatrices pour hommes)<br \/>\n-Code produit : ELSCDW001<br \/>\n-Texture : Lingettes humides \u00e0 base d'herbes naturelles formul\u00e9es en liquide<br \/>\n-Volume : 1 lingette dans 1 sachet unique, 10 sachets dans 1 bo\u00eete<br \/>\n-Couleur : liquide de couleur jaune\/gris, chiffon de couleur blanche satur\u00e9e.<br \/>\n-Parfum : Ar\u00f4mes originaux d'herbes naturelles<br \/>\n-Personnes concern\u00e9es : Pour les hommes adultes<br \/>\n-Peau d'application : Zone priv\u00e9e des organes reproducteurs de l'homme<br \/>\n-Fonctions principales : Prolonger le temps d'\u00e9jaculation de l'homme adulte au lit<br \/>\n-Caract\u00e9ristiques principales : 100% herbes naturelles, non chimique, non anesth\u00e9sique, non insensible, sans effet secondaire, sans ajout, sans d\u00e9pendance.<br \/>\n-Service de marque priv\u00e9e : Oui<\/p>","protected":false},"featured_media":2411,"comment_status":"closed","ping_status":"closed","template":"","meta":{"om_disable_all_campaigns":false,"_uag_custom_page_level_css":"","site-sidebar-layout":"default","site-content-layout":"","ast-site-content-layout":"default","site-content-style":"default","site-sidebar-style":"default","ast-global-header-display":"","ast-banner-title-visibility":"","ast-main-header-display":"","ast-hfb-above-header-display":"","ast-hfb-below-header-display":"","ast-hfb-mobile-header-display":"","site-post-title":"","ast-breadcrumbs-content":"","ast-featured-img":"","footer-sml-layout":"","ast-disable-related-posts":"","theme-transparent-header-meta":"default","adv-header-id-meta":"","stick-header-meta":"","header-above-stick-meta":"","header-main-stick-meta":"","header-below-stick-meta":"","astra-migrate-meta-layouts":"set","ast-page-background-enabled":"default","ast-page-background-meta":{"desktop":{"background-color":"var(--ast-global-color-4)","background-image":"","background-repeat":"repeat","background-position":"center center","background-size":"auto","background-attachment":"scroll","background-type":"","background-media":"","overlay-type":"","overlay-color":"","overlay-opacity":"","overlay-gradient":""},"tablet":{"background-color":"","background-image":"","background-repeat":"repeat","background-position":"center center","background-size":"auto","background-attachment":"scroll","background-type":"","background-media":"","overlay-type":"","overlay-color":"","overlay-opacity":"","overlay-gradient":""},"mobile":{"background-color":"","background-image":"","background-repeat":"repeat","background-position":"center center","background-size":"auto","background-attachment":"scroll","background-type":"","background-media":"","overlay-type":"","overlay-color":"","overlay-opacity":"","overlay-gradient":""}},"ast-content-background-meta":{"desktop":{"background-color":"var(--ast-global-color-5)","background-image":"","background-repeat":"repeat","background-position":"center center","background-size":"auto","background-attachment":"scroll","background-type":"","background-media":"","overlay-type":"","overlay-color":"","overlay-opacity":"","overlay-gradient":""},"tablet":{"background-color":"var(--ast-global-color-5)","background-image":"","background-repeat":"repeat","background-position":"center center","background-size":"auto","background-attachment":"scroll","background-type":"","background-media":"","overlay-type":"","overlay-color":"","overlay-opacity":"","overlay-gradient":""},"mobile":{"background-color":"var(--ast-global-color-5)","background-image":"","background-repeat":"repeat","background-position":"center center","background-size":"auto","background-attachment":"scroll","background-type":"","background-media":"","overlay-type":"","overlay-color":"","overlay-opacity":"","overlay-gradient":""}}},"product_brand":[],"product_cat":[39,86],"product_tag":[],"class_list":{"0":"post-2410","1":"product","2":"type-product","3":"status-publish","4":"has-post-thumbnail","6":"product_cat-easy-sexcare","7":"product_cat-men-delay-wipes","8":"desktop-align-center","9":"tablet-align-left","10":"mobile-align-left","12":"first","13":"instock","14":"shipping-taxable","15":"product-type-simple"},"uagb_featured_image_src":{"full":["https:\/\/i0.wp.com\/cneasylife.com\/wp-content\/uploads\/2024\/07\/Men-Delay-Wipes.jpg?fit=600%2C600&ssl=1",600,600,false],"thumbnail":["https:\/\/i0.wp.com\/cneasylife.com\/wp-content\/uploads\/2024\/07\/Men-Delay-Wipes.jpg?resize=150%2C150&ssl=1",150,150,true],"medium":["https:\/\/i0.wp.com\/cneasylife.com\/wp-content\/uploads\/2024\/07\/Men-Delay-Wipes.jpg?fit=300%2C300&ssl=1",300,300,true],"medium_large":["https:\/\/i0.wp.com\/cneasylife.com\/wp-content\/uploads\/2024\/07\/Men-Delay-Wipes.jpg?fit=600%2C600&ssl=1",600,600,true],"large":["https:\/\/i0.wp.com\/cneasylife.com\/wp-content\/uploads\/2024\/07\/Men-Delay-Wipes.jpg?fit=600%2C600&ssl=1",600,600,true],"1536x1536":["https:\/\/i0.wp.com\/cneasylife.com\/wp-content\/uploads\/2024\/07\/Men-Delay-Wipes.jpg?fit=600%2C600&ssl=1",600,600,true],"2048x2048":["https:\/\/i0.wp.com\/cneasylife.com\/wp-content\/uploads\/2024\/07\/Men-Delay-Wipes.jpg?fit=600%2C600&ssl=1",600,600,true],"trp-custom-language-flag":["https:\/\/i0.wp.com\/cneasylife.com\/wp-content\/uploads\/2024\/07\/Men-Delay-Wipes.jpg?fit=12%2C12&ssl=1",12,12,true],"woocommerce_thumbnail":["https:\/\/i0.wp.com\/cneasylife.com\/wp-content\/uploads\/2024\/07\/Men-Delay-Wipes.jpg?resize=600%2C600&ssl=1",600,600,true],"woocommerce_single":["https:\/\/i0.wp.com\/cneasylife.com\/wp-content\/uploads\/2024\/07\/Men-Delay-Wipes.jpg?fit=600%2C600&ssl=1",600,600,true],"woocommerce_gallery_thumbnail":["https:\/\/i0.wp.com\/cneasylife.com\/wp-content\/uploads\/2024\/07\/Men-Delay-Wipes.jpg?resize=100%2C100&ssl=1",100,100,true]},"uagb_author_info":{"display_name":"admin","author_link":"https:\/\/cneasylife.com\/fr\/author\/"},"uagb_comment_info":0,"uagb_excerpt":"-Product Name: LuvNuwa Delay Wipes for Men Preventing Premature Ejaculation -Product Code: ELSCDW001 -Texture: Wet wipes made from natural herbs formulated liquid -Volume: 1 wipe in 1 single sachet, 10 sachets in 1 box -Color: Yellow\/gray color liquid saturated white color wipe -Fragrance: Natural herbs\u2019 original flavors -Applicative People: For adult male -Applicative Skin: Men\u2019s\u2026","jetpack_sharing_enabled":true,"_links":{"self":[{"href":"https:\/\/cneasylife.com\/fr\/wp-json\/wp\/v2\/product\/2410","targetHints":{"allow":["GET"]}}],"collection":[{"href":"https:\/\/cneasylife.com\/fr\/wp-json\/wp\/v2\/product"}],"about":[{"href":"https:\/\/cneasylife.com\/fr\/wp-json\/wp\/v2\/types\/product"}],"replies":[{"embeddable":true,"href":"https:\/\/cneasylife.com\/fr\/wp-json\/wp\/v2\/comments?post=2410"}],"wp:featuredmedia":[{"embeddable":true,"href":"https:\/\/cneasylife.com\/fr\/wp-json\/wp\/v2\/media\/2411"}],"wp:attachment":[{"href":"https:\/\/cneasylife.com\/fr\/wp-json\/wp\/v2\/media?parent=2410"}],"wp:term":[{"taxonomy":"product_brand","embeddable":true,"href":"https:\/\/cneasylife.com\/fr\/wp-json\/wp\/v2\/product_brand?post=2410"},{"taxonomy":"product_cat","embeddable":true,"href":"https:\/\/cneasylife.com\/fr\/wp-json\/wp\/v2\/product_cat?post=2410"},{"taxonomy":"product_tag","embeddable":true,"href":"https:\/\/cneasylife.com\/fr\/wp-json\/wp\/v2\/product_tag?post=2410"}],"curies":[{"name":"wp","href":"https:\/\/api.w.org\/{rel}","templated":true}]}}