{"id":2365,"date":"2024-07-15T03:03:32","date_gmt":"2024-07-15T03:03:32","guid":{"rendered":"https:\/\/cneasylife.com\/?post_type=product&#038;p=2365"},"modified":"2024-07-15T03:03:33","modified_gmt":"2024-07-15T03:03:33","slug":"lavender-shampoo-and-conditioner-set","status":"publish","type":"product","link":"https:\/\/cneasylife.com\/fr\/produit\/lavender-shampoo-and-conditioner-set\/","title":{"rendered":"Set shampoing et apr\u00e8s-shampoing \u00e0 la lavande"},"content":{"rendered":"","protected":false},"excerpt":{"rendered":"<p>Nom du produit : Ensemble shampooing et apr\u00e8s-shampooing \u00e0 la lavande pour cheveux secs et color\u00e9s<br \/>\nCode produit : ELSCSP001<br \/>\nTexture : Moyennement dense<br \/>\nVolume : 266 ml\/bouteille<br \/>\nCouleur : violet<br \/>\nParfum : Lavande<br \/>\nPersonnes concern\u00e9es : Pour les femmes et les hommes adultes<br \/>\nPeau d'application : Pour les cheveux secs et color\u00e9s<br \/>\nFonctions principales : Hydratation et hydratation des cheveux<br \/>\nCaract\u00e9ristiques principales : 100% huile de lavande, sans colorant artificiel, sans sulfate, sans paraben, sans cruaut\u00e9<br \/>\nLabel priv\u00e9 : Oui<\/p>","protected":false},"featured_media":2366,"comment_status":"open","ping_status":"closed","template":"","meta":{"om_disable_all_campaigns":false,"_uag_custom_page_level_css":"","site-sidebar-layout":"default","site-content-layout":"","ast-site-content-layout":"default","site-content-style":"default","site-sidebar-style":"default","ast-global-header-display":"","ast-banner-title-visibility":"","ast-main-header-display":"","ast-hfb-above-header-display":"","ast-hfb-below-header-display":"","ast-hfb-mobile-header-display":"","site-post-title":"","ast-breadcrumbs-content":"","ast-featured-img":"","footer-sml-layout":"","ast-disable-related-posts":"","theme-transparent-header-meta":"default","adv-header-id-meta":"","stick-header-meta":"","header-above-stick-meta":"","header-main-stick-meta":"","header-below-stick-meta":"","astra-migrate-meta-layouts":"set","ast-page-background-enabled":"default","ast-page-background-meta":{"desktop":{"background-color":"var(--ast-global-color-4)","background-image":"","background-repeat":"repeat","background-position":"center center","background-size":"auto","background-attachment":"scroll","background-type":"","background-media":"","overlay-type":"","overlay-color":"","overlay-opacity":"","overlay-gradient":""},"tablet":{"background-color":"","background-image":"","background-repeat":"repeat","background-position":"center center","background-size":"auto","background-attachment":"scroll","background-type":"","background-media":"","overlay-type":"","overlay-color":"","overlay-opacity":"","overlay-gradient":""},"mobile":{"background-color":"","background-image":"","background-repeat":"repeat","background-position":"center center","background-size":"auto","background-attachment":"scroll","background-type":"","background-media":"","overlay-type":"","overlay-color":"","overlay-opacity":"","overlay-gradient":""}},"ast-content-background-meta":{"desktop":{"background-color":"var(--ast-global-color-5)","background-image":"","background-repeat":"repeat","background-position":"center center","background-size":"auto","background-attachment":"scroll","background-type":"","background-media":"","overlay-type":"","overlay-color":"","overlay-opacity":"","overlay-gradient":""},"tablet":{"background-color":"var(--ast-global-color-5)","background-image":"","background-repeat":"repeat","background-position":"center center","background-size":"auto","background-attachment":"scroll","background-type":"","background-media":"","overlay-type":"","overlay-color":"","overlay-opacity":"","overlay-gradient":""},"mobile":{"background-color":"var(--ast-global-color-5)","background-image":"","background-repeat":"repeat","background-position":"center center","background-size":"auto","background-attachment":"scroll","background-type":"","background-media":"","overlay-type":"","overlay-color":"","overlay-opacity":"","overlay-gradient":""}}},"product_brand":[],"product_cat":[15,40,47],"product_tag":[],"class_list":{"0":"post-2365","1":"product","2":"type-product","3":"status-publish","4":"has-post-thumbnail","6":"product_cat-easy-skincare","7":"product_cat-for-hair","8":"product_cat-shampoo","9":"desktop-align-center","10":"tablet-align-left","11":"mobile-align-left","13":"first","14":"instock","15":"shipping-taxable","16":"product-type-simple"},"uagb_featured_image_src":{"full":["https:\/\/i0.wp.com\/cneasylife.com\/wp-content\/uploads\/2024\/07\/Lavender-shampoo-and-conditioner-set.jpg?fit=600%2C600&ssl=1",600,600,false],"thumbnail":["https:\/\/i0.wp.com\/cneasylife.com\/wp-content\/uploads\/2024\/07\/Lavender-shampoo-and-conditioner-set.jpg?resize=150%2C150&ssl=1",150,150,true],"medium":["https:\/\/i0.wp.com\/cneasylife.com\/wp-content\/uploads\/2024\/07\/Lavender-shampoo-and-conditioner-set.jpg?fit=300%2C300&ssl=1",300,300,true],"medium_large":["https:\/\/i0.wp.com\/cneasylife.com\/wp-content\/uploads\/2024\/07\/Lavender-shampoo-and-conditioner-set.jpg?fit=600%2C600&ssl=1",600,600,true],"large":["https:\/\/i0.wp.com\/cneasylife.com\/wp-content\/uploads\/2024\/07\/Lavender-shampoo-and-conditioner-set.jpg?fit=600%2C600&ssl=1",600,600,true],"1536x1536":["https:\/\/i0.wp.com\/cneasylife.com\/wp-content\/uploads\/2024\/07\/Lavender-shampoo-and-conditioner-set.jpg?fit=600%2C600&ssl=1",600,600,true],"2048x2048":["https:\/\/i0.wp.com\/cneasylife.com\/wp-content\/uploads\/2024\/07\/Lavender-shampoo-and-conditioner-set.jpg?fit=600%2C600&ssl=1",600,600,true],"trp-custom-language-flag":["https:\/\/i0.wp.com\/cneasylife.com\/wp-content\/uploads\/2024\/07\/Lavender-shampoo-and-conditioner-set.jpg?fit=12%2C12&ssl=1",12,12,true],"woocommerce_thumbnail":["https:\/\/i0.wp.com\/cneasylife.com\/wp-content\/uploads\/2024\/07\/Lavender-shampoo-and-conditioner-set.jpg?resize=600%2C600&ssl=1",600,600,true],"woocommerce_single":["https:\/\/i0.wp.com\/cneasylife.com\/wp-content\/uploads\/2024\/07\/Lavender-shampoo-and-conditioner-set.jpg?fit=600%2C600&ssl=1",600,600,true],"woocommerce_gallery_thumbnail":["https:\/\/i0.wp.com\/cneasylife.com\/wp-content\/uploads\/2024\/07\/Lavender-shampoo-and-conditioner-set.jpg?resize=100%2C100&ssl=1",100,100,true]},"uagb_author_info":{"display_name":"admin","author_link":"https:\/\/cneasylife.com\/fr\/author\/"},"uagb_comment_info":0,"uagb_excerpt":"Product Name: Lavender shampoo and conditioner set for dry and color-treated hair Product Code: ELSCSP001 Texture: Medium dense Volume: 266ml\/bottle Color: Purple Fragrance: Lavender Applicative People: For adult women and men Applicative Skin: For dry and color-treated hair Main Functions: Hydrating and moisturizing hair Main Characteristics: 100% lavender oil, no artificial colors, sulfate free, paraben\u2026","jetpack_sharing_enabled":true,"_links":{"self":[{"href":"https:\/\/cneasylife.com\/fr\/wp-json\/wp\/v2\/product\/2365","targetHints":{"allow":["GET"]}}],"collection":[{"href":"https:\/\/cneasylife.com\/fr\/wp-json\/wp\/v2\/product"}],"about":[{"href":"https:\/\/cneasylife.com\/fr\/wp-json\/wp\/v2\/types\/product"}],"replies":[{"embeddable":true,"href":"https:\/\/cneasylife.com\/fr\/wp-json\/wp\/v2\/comments?post=2365"}],"wp:featuredmedia":[{"embeddable":true,"href":"https:\/\/cneasylife.com\/fr\/wp-json\/wp\/v2\/media\/2366"}],"wp:attachment":[{"href":"https:\/\/cneasylife.com\/fr\/wp-json\/wp\/v2\/media?parent=2365"}],"wp:term":[{"taxonomy":"product_brand","embeddable":true,"href":"https:\/\/cneasylife.com\/fr\/wp-json\/wp\/v2\/product_brand?post=2365"},{"taxonomy":"product_cat","embeddable":true,"href":"https:\/\/cneasylife.com\/fr\/wp-json\/wp\/v2\/product_cat?post=2365"},{"taxonomy":"product_tag","embeddable":true,"href":"https:\/\/cneasylife.com\/fr\/wp-json\/wp\/v2\/product_tag?post=2365"}],"curies":[{"name":"wp","href":"https:\/\/api.w.org\/{rel}","templated":true}]}}